{"id":143,"date":"2024-05-14T09:03:36","date_gmt":"2024-05-14T07:03:36","guid":{"rendered":"https:\/\/www.gmkunstraum.de\/rg\/?page_id=143"},"modified":"2024-09-02T08:32:50","modified_gmt":"2024-09-02T06:32:50","slug":"musik","status":"publish","type":"page","link":"https:\/\/www.gmkunstraum.de\/rg\/musik\/","title":{"rendered":"Musik"},"content":{"rendered":"\t\t<div data-elementor-type=\"wp-page\" data-elementor-id=\"143\" class=\"elementor elementor-143\">\n\t\t\t\t<div class=\"elementor-element elementor-element-ab6ea47 e-flex e-con-boxed wpr-particle-no wpr-jarallax-no wpr-parallax-no wpr-sticky-section-no e-con e-parent\" data-id=\"ab6ea47\" data-element_type=\"container\">\n\t\t\t\t\t<div class=\"e-con-inner\">\n\t\t\t\t<div class=\"elementor-element elementor-element-74c4cea elementor-widget elementor-widget-heading\" data-id=\"74c4cea\" data-element_type=\"widget\" data-widget_type=\"heading.default\">\n\t\t\t\t<div class=\"elementor-widget-container\">\n\t\t\t\t\t<h2 class=\"elementor-heading-title elementor-size-default\">Musik- und Theaterprojekte<\/h2>\t\t\t\t<\/div>\n\t\t\t\t<\/div>\n\t\t\t\t\t<\/div>\n\t\t\t\t<\/div>\n\t\t<div class=\"elementor-element elementor-element-678e779 e-flex e-con-boxed wpr-particle-no wpr-jarallax-no wpr-parallax-no wpr-sticky-section-no e-con e-parent\" data-id=\"678e779\" data-element_type=\"container\">\n\t\t\t\t\t<div class=\"e-con-inner\">\n\t\t\t\t<div class=\"elementor-element elementor-element-a8e97e2 elementor-widget elementor-widget-image\" data-id=\"a8e97e2\" data-element_type=\"widget\" data-widget_type=\"image.default\">\n\t\t\t\t<div class=\"elementor-widget-container\">\n\t\t\t\t\t\t\t\t\t\t\t\t\t\t\t<img fetchpriority=\"high\" decoding=\"async\" width=\"378\" height=\"243\" src=\"https:\/\/www.gmkunstraum.de\/rg\/wp-content\/uploads\/2024\/05\/FalledesQualle_klein.jpg\" class=\"attachment-large size-large wp-image-292\" alt=\"\" srcset=\"https:\/\/www.gmkunstraum.de\/rg\/wp-content\/uploads\/2024\/05\/FalledesQualle_klein.jpg 378w, https:\/\/www.gmkunstraum.de\/rg\/wp-content\/uploads\/2024\/05\/FalledesQualle_klein-300x193.jpg 300w\" sizes=\"(max-width: 378px) 100vw, 378px\" \/>\t\t\t\t\t\t\t\t\t\t\t\t\t\t\t<\/div>\n\t\t\t\t<\/div>\n\t\t\t\t<div class=\"elementor-element elementor-element-b0b5548 elementor-widget elementor-widget-text-editor\" data-id=\"b0b5548\" data-element_type=\"widget\" data-widget_type=\"text-editor.default\">\n\t\t\t\t<div class=\"elementor-widget-container\">\n\t\t\t\t\t\t\t\t\t<p>v.l.n.r.: (Reinhard Gagel), Michael Hohnloser, Claus Overkamp, Tina J\u00fccker, Barbara Schultze, Gabriele Diete<\/p><p>Die Falle des Qualle und andere Petites Pi\u00e9ces des Herrn Satie<br \/>Regie: Gitta Martens; Musik: Reinhard Gagel; B\u00fchne: Ulrike Mitschke<br \/>UA: Sommer 1997 in Velbert. Eine Produktion des Theater Pianoforte<\/p>\t\t\t\t\t\t\t\t<\/div>\n\t\t\t\t<\/div>\n\t\t\t\t\t<\/div>\n\t\t\t\t<\/div>\n\t\t<div class=\"elementor-element elementor-element-fc9b07c e-flex e-con-boxed wpr-particle-no wpr-jarallax-no wpr-parallax-no wpr-sticky-section-no e-con e-parent\" data-id=\"fc9b07c\" data-element_type=\"container\">\n\t\t\t\t\t<div class=\"e-con-inner\">\n\t\t\t\t<div class=\"elementor-element elementor-element-fbd0982 elementor-widget elementor-widget-heading\" data-id=\"fbd0982\" data-element_type=\"widget\" data-widget_type=\"heading.default\">\n\t\t\t\t<div class=\"elementor-widget-container\">\n\t\t\t\t\t<h2 class=\"elementor-heading-title elementor-size-default\">Musik-Projekte im Dazwischen von Stilen und Musizierweise<br>\n(Zapping-Projekte)<\/h2>\t\t\t\t<\/div>\n\t\t\t\t<\/div>\n\t\t\t\t<div class=\"elementor-element elementor-element-dc7ad52 elementor-widget elementor-widget-text-editor\" data-id=\"dc7ad52\" data-element_type=\"widget\" data-widget_type=\"text-editor.default\">\n\t\t\t\t<div class=\"elementor-widget-container\">\n\t\t\t\t\t\t\t\t\t<p>Improvisieren ist eine musikalische Ausdrucksweise, die ganz und gar dem gegenw\u00e4rtigen Moment entspringt \u2013 die improvisierenden Musikerinnen haben keine Vorlagen, und der Verlauf des entstehenden St\u00fcckes ist immer unvorhersehbar. Solche St\u00fccke entstehen im Kontakt mit der Gegenwart, z.B. in einem Zusammentreffen mit Musikerinnen, in einer Konzertsituation, als Reaktion auf einem Publikumswunsch oder in der Begegnung mit komponierten Musikwerken. In den Zapping-Projekten greifen wir ganz bewusst in Werke ein, indem wir z.B. vor und zwischen S\u00e4tzen und auch innerhalb der musikalischen Struktur Einsch\u00fcbe l\u00e4ngerer oder k\u00fcrzerer Art vornehmen, neue Stimme dazu improvisieren oder bestehende Strukturen improvisatorisch neu beleuchten. Dieses \u201eZapping\u201c erlaubt, eine in der Vergangenheit gefertigte Struktur mit aktueller Klanglichkeit zu konfrontieren. Musikalische Programmgestaltung wird zu einem quasi kompositorischen Akt der Bearbeitung, des Arrangements und der Collage. Alle Programme sind mit den beteiligten Musikerinnen zusammen erarbeitet worden.<\/p><p>Bisherige Projekte:<br \/>\u201eEinen Moment lang sichtbar sein\u201c <br \/>Improvisierte Musik und Musikst\u00fccke von Erik Satie. UA 1999 K\u00f6ln<br \/>(ThePianoforteEnsemble: Marei Seuthe, Violoncello und Gesang; Hans Kanty, Perkussion; Georg Wissel, Saxophon; Reinhard Gagel, Klavier und Konzeption)<\/p><p>\u201eFolia-folien \u2013 musikalische Grenz\u00fcberschreitungen zwischen Normalit\u00e4t und Wahnsinn \u00fcber ein Renaissance-Thema\u201c.<br \/>UA 2003, WDR Nachtmusik 2004 und<\/p><p>\u201eZapping Wanderer. Aktuelle musikalische Szenen \u00fcbers Fortbewegen\u201c<br \/>UA 2005, WDR Nachtmusik<br \/>(Ensemble Foliafolie: Angela Eling, Blockfl\u00f6ten; Marei Seuthe, Violoncello und Gesang; Arnd Sprung, Gitarre\/Electronics; Reinhard Gagel, Klavier\/Akkordeon und Konzeption)<\/p>\t\t\t\t\t\t\t\t<\/div>\n\t\t\t\t<\/div>\n\t\t\t\t<div class=\"elementor-element elementor-element-b9537a1 elementor-widget elementor-widget-heading\" data-id=\"b9537a1\" data-element_type=\"widget\" data-widget_type=\"heading.default\">\n\t\t\t\t<div class=\"elementor-widget-container\">\n\t\t\t\t\t<h2 class=\"elementor-heading-title elementor-size-default\">Bisherige Projekte<\/h2>\t\t\t\t<\/div>\n\t\t\t\t<\/div>\n\t\t\t\t<div class=\"elementor-element elementor-element-22fa01d elementor-widget elementor-widget-text-editor\" data-id=\"22fa01d\" data-element_type=\"widget\" data-widget_type=\"text-editor.default\">\n\t\t\t\t<div class=\"elementor-widget-container\">\n\t\t\t\t\t\t\t\t\t<p><strong>\u201eEinen Moment lang sichtbar sein\u201c<\/strong> <br \/>Improvisierte Musik und Musikst\u00fccke von Erik Satie. UA 1999 K\u00f6ln<br \/>(ThePianoforteEnsemble: Marei Seuthe, Violoncello und Gesang; Hans Kanty, Perkussion; Georg Wissel, Saxophon; Reinhard Gagel, Klavier und Konzeption)<\/p><p><strong>\u201eFolia-folien \u2013 musikalische Grenz\u00fcberschreitungen zwischen Normalit\u00e4t und Wahnsinn \u00fcber ein Renaissance-Thema\u201c.<\/strong><br \/>UA 2003, WDR Nachtmusik 2004 und<\/p><p><strong>\u201eZapping Wanderer. Aktuelle musikalische Szenen \u00fcbers Fortbewegen\u201c<\/strong><br \/>UA 2005, WDR Nachtmusik<br \/>(Ensemble Foliafolie: Angela Eling, Blockfl\u00f6ten; Marei Seuthe, Violoncello und Gesang; Arnd Sprung, Gitarre\/Electronics; Reinhard Gagel, Klavier\/Akkordeon und Konzeption)<\/p>\t\t\t\t\t\t\t\t<\/div>\n\t\t\t\t<\/div>\n\t\t\t\t\t<\/div>\n\t\t\t\t<\/div>\n\t\t<div class=\"elementor-element elementor-element-99a3918 e-flex e-con-boxed wpr-particle-no wpr-jarallax-no wpr-parallax-no wpr-sticky-section-no e-con e-parent\" data-id=\"99a3918\" data-element_type=\"container\">\n\t\t\t\t\t<div class=\"e-con-inner\">\n\t\t<div class=\"elementor-element elementor-element-bba7e0c e-con-full e-flex wpr-particle-no wpr-jarallax-no wpr-parallax-no wpr-sticky-section-no e-con e-child\" data-id=\"bba7e0c\" data-element_type=\"container\">\n\t\t\t\t<div class=\"elementor-element elementor-element-7f5504d elementor-widget elementor-widget-image\" data-id=\"7f5504d\" data-element_type=\"widget\" data-widget_type=\"image.default\">\n\t\t\t\t<div class=\"elementor-widget-container\">\n\t\t\t\t\t\t\t\t\t\t\t\t\t\t\t<img decoding=\"async\" width=\"236\" height=\"469\" src=\"https:\/\/www.gmkunstraum.de\/rg\/wp-content\/uploads\/2024\/05\/ZWNachtmusik_klein.jpg\" class=\"attachment-large size-large wp-image-295\" alt=\"\" srcset=\"https:\/\/www.gmkunstraum.de\/rg\/wp-content\/uploads\/2024\/05\/ZWNachtmusik_klein.jpg 236w, https:\/\/www.gmkunstraum.de\/rg\/wp-content\/uploads\/2024\/05\/ZWNachtmusik_klein-151x300.jpg 151w\" sizes=\"(max-width: 236px) 100vw, 236px\" \/>\t\t\t\t\t\t\t\t\t\t\t\t\t\t\t<\/div>\n\t\t\t\t<\/div>\n\t\t\t\t<\/div>\n\t\t<div class=\"elementor-element elementor-element-6b8f0da e-con-full e-flex wpr-particle-no wpr-jarallax-no wpr-parallax-no wpr-sticky-section-no e-con e-child\" data-id=\"6b8f0da\" data-element_type=\"container\">\n\t\t\t\t<div class=\"elementor-element elementor-element-aa9d8eb elementor-widget elementor-widget-image\" data-id=\"aa9d8eb\" data-element_type=\"widget\" data-widget_type=\"image.default\">\n\t\t\t\t<div class=\"elementor-widget-container\">\n\t\t\t\t\t\t\t\t\t\t\t\t<figure class=\"wp-caption\">\n\t\t\t\t\t\t\t\t\t\t<img decoding=\"async\" width=\"378\" height=\"246\" src=\"https:\/\/www.gmkunstraum.de\/rg\/wp-content\/uploads\/2024\/05\/EnsembleFoliafolie_klein.jpg\" class=\"attachment-large size-large wp-image-294\" alt=\"\" srcset=\"https:\/\/www.gmkunstraum.de\/rg\/wp-content\/uploads\/2024\/05\/EnsembleFoliafolie_klein.jpg 378w, https:\/\/www.gmkunstraum.de\/rg\/wp-content\/uploads\/2024\/05\/EnsembleFoliafolie_klein-300x195.jpg 300w\" sizes=\"(max-width: 378px) 100vw, 378px\" \/>\t\t\t\t\t\t\t\t\t\t\t<figcaption class=\"widget-image-caption wp-caption-text\">Ensemble Foliafolie: intermediale Projekte zwischen Theater, Bild und Musik v.l. Arnd Sprung, Gitarre; Angela Eling, Blockfl\u00f6ten; Marei Seuthe Gesanf, Cello ; Reinhard Gagel<\/figcaption>\n\t\t\t\t\t\t\t\t\t\t<\/figure>\n\t\t\t\t\t\t\t\t\t<\/div>\n\t\t\t\t<\/div>\n\t\t\t\t<\/div>\n\t\t\t\t\t<\/div>\n\t\t\t\t<\/div>\n\t\t<div class=\"elementor-element elementor-element-8ff138c e-flex e-con-boxed wpr-particle-no wpr-jarallax-no wpr-parallax-no wpr-sticky-section-no e-con e-parent\" data-id=\"8ff138c\" data-element_type=\"container\">\n\t\t\t\t\t<div class=\"e-con-inner\">\n\t\t\t\t<div class=\"elementor-element elementor-element-28e3968 elementor-widget__width-initial elementor-widget elementor-widget-image\" data-id=\"28e3968\" data-element_type=\"widget\" data-widget_type=\"image.default\">\n\t\t\t\t<div class=\"elementor-widget-container\">\n\t\t\t\t\t\t\t\t\t\t\t\t<figure class=\"wp-caption\">\n\t\t\t\t\t\t\t\t\t\t<img loading=\"lazy\" decoding=\"async\" width=\"612\" height=\"153\" src=\"https:\/\/www.gmkunstraum.de\/rg\/wp-content\/uploads\/2024\/05\/aktuelles2_clip_image002.jpg\" class=\"attachment-large size-large wp-image-299\" alt=\"\" srcset=\"https:\/\/www.gmkunstraum.de\/rg\/wp-content\/uploads\/2024\/05\/aktuelles2_clip_image002.jpg 612w, https:\/\/www.gmkunstraum.de\/rg\/wp-content\/uploads\/2024\/05\/aktuelles2_clip_image002-300x75.jpg 300w\" sizes=\"(max-width: 612px) 100vw, 612px\" \/>\t\t\t\t\t\t\t\t\t\t\t<figcaption class=\"widget-image-caption wp-caption-text\">Ensemble Foliafolie   Marei Seuthe, Violoncello und Gesang  Angela Eling, Blockfl\u00f6ten Reinhard Gagel, Klavier, Moog Synthesizer, Zapping-Konzeption<\/figcaption>\n\t\t\t\t\t\t\t\t\t\t<\/figure>\n\t\t\t\t\t\t\t\t\t<\/div>\n\t\t\t\t<\/div>\n\t\t\t\t\t<\/div>\n\t\t\t\t<\/div>\n\t\t<div class=\"elementor-element elementor-element-812a930 e-flex e-con-boxed wpr-particle-no wpr-jarallax-no wpr-parallax-no wpr-sticky-section-no e-con e-parent\" data-id=\"812a930\" data-element_type=\"container\">\n\t\t\t\t\t<div class=\"e-con-inner\">\n\t\t\t\t<div class=\"elementor-element elementor-element-6df4e33 elementor-widget elementor-widget-heading\" data-id=\"6df4e33\" data-element_type=\"widget\" data-widget_type=\"heading.default\">\n\t\t\t\t<div class=\"elementor-widget-container\">\n\t\t\t\t\t<h2 class=\"elementor-heading-title elementor-size-default\">zapping silence...\nMusik der Stille \u2013 Stille Musik.<\/h2>\t\t\t\t<\/div>\n\t\t\t\t<\/div>\n\t\t\t\t<div class=\"elementor-element elementor-element-890e54b elementor-widget elementor-widget-text-editor\" data-id=\"890e54b\" data-element_type=\"widget\" data-widget_type=\"text-editor.default\">\n\t\t\t\t<div class=\"elementor-widget-container\">\n\t\t\t\t\t\t\t\t\t<p>Das aktuellste Programm von Foliafolie geht Musik von ihrer Negation an, der Stille.<br \/>Was geschieht, wenn aus der Stille improvisiert wird?<br \/>Welche M\u00f6glichkeiten gibt es, Stille in der Musik zu provozieren?<br \/>Und: gibt es \u00fcberhaupt die Stille oder ist nicht immer noch etwas zu h\u00f6ren? Stille ist in jedem Fall ein erh\u00f6hter Wahrnehmungszustand,<br \/>Pausen in der Musik k\u00f6nnen sprechend sein, sekundengenau fixierte Pausen k\u00f6nnen inspirierend f\u00fcr Spieler und Publikum sein\u2026.<br \/>Ein Programm mit Improvisationen von Foliafolie, angeregt von Zust\u00e4nden der Stille im leben und in der Kunst. Arrangements von Werken von<br \/>John Cage (4\u00b433\u00b4\u00b4) und Gy\u00f6rgy Kurtag.<\/p>\t\t\t\t\t\t\t\t<\/div>\n\t\t\t\t<\/div>\n\t\t\t\t\t<\/div>\n\t\t\t\t<\/div>\n\t\t<div class=\"elementor-element elementor-element-7caedc7 e-flex e-con-boxed wpr-particle-no wpr-jarallax-no wpr-parallax-no wpr-sticky-section-no e-con e-parent\" data-id=\"7caedc7\" data-element_type=\"container\">\n\t\t\t\t\t<div class=\"e-con-inner\">\n\t\t\t\t<div class=\"elementor-element elementor-element-be1bd9c elementor-widget elementor-widget-heading\" data-id=\"be1bd9c\" data-element_type=\"widget\" data-widget_type=\"heading.default\">\n\t\t\t\t<div class=\"elementor-widget-container\">\n\t\t\t\t\t<h2 class=\"elementor-heading-title elementor-size-default\">Improvisiakum, internationale Werkstatt f\u00fcr Improvisation\nKonzeption<br>und Durchf\u00fchrung<\/h2>\t\t\t\t<\/div>\n\t\t\t\t<\/div>\n\t\t\t\t\t<\/div>\n\t\t\t\t<\/div>\n\t\t<div class=\"elementor-element elementor-element-a9a812e e-flex e-con-boxed wpr-particle-no wpr-jarallax-no wpr-parallax-no wpr-sticky-section-no e-con e-parent\" data-id=\"a9a812e\" data-element_type=\"container\">\n\t\t\t\t\t<div class=\"e-con-inner\">\n\t\t\t\t<div class=\"elementor-element elementor-element-35efe3e elementor-widget elementor-widget-image\" data-id=\"35efe3e\" data-element_type=\"widget\" data-widget_type=\"image.default\">\n\t\t\t\t<div class=\"elementor-widget-container\">\n\t\t\t\t\t\t\t\t\t\t\t\t\t\t\t<img loading=\"lazy\" decoding=\"async\" width=\"378\" height=\"249\" src=\"https:\/\/www.gmkunstraum.de\/rg\/wp-content\/uploads\/2024\/05\/Improvisiakum2007_klein.jpg\" class=\"attachment-large size-large wp-image-153\" alt=\"\" srcset=\"https:\/\/www.gmkunstraum.de\/rg\/wp-content\/uploads\/2024\/05\/Improvisiakum2007_klein.jpg 378w, https:\/\/www.gmkunstraum.de\/rg\/wp-content\/uploads\/2024\/05\/Improvisiakum2007_klein-300x198.jpg 300w\" sizes=\"(max-width: 378px) 100vw, 378px\" \/>\t\t\t\t\t\t\t\t\t\t\t\t\t\t\t<\/div>\n\t\t\t\t<\/div>\n\t\t\t\t\t<\/div>\n\t\t\t\t<\/div>\n\t\t<div class=\"elementor-element elementor-element-dfad077 e-flex e-con-boxed wpr-particle-no wpr-jarallax-no wpr-parallax-no wpr-sticky-section-no e-con e-parent\" data-id=\"dfad077\" data-element_type=\"container\">\n\t\t\t\t\t<div class=\"e-con-inner\">\n\t\t\t\t<div class=\"elementor-element elementor-element-f91607c elementor-widget elementor-widget-text-editor\" data-id=\"f91607c\" data-element_type=\"widget\" data-widget_type=\"text-editor.default\">\n\t\t\t\t<div class=\"elementor-widget-container\">\n\t\t\t\t\t\t\t\t\t<p>Mit dem 20. Improvisiakum 2019 ging die lange Serie der Werkstatt f\u00fcr Improvisation zu Ende. Dieser j\u00e4hrliche Wochenendworkshop wird in K\u00f6ln nicht weitergef\u00fchrt. Ich denke gerne an die vielen Begegnungen, an die sch\u00f6nen Konzerte im Loft K\u00f6ln und an die intensive Arbeit an dem gemeinsamen Improvisieren zur\u00fcck und danke den vielen WorkshopleiterInnen f\u00fcr ihre Impulse.<\/p><p>Weitere Workshopangebote werde ich hier auf der Website ver\u00f6ffentlichen.<\/p>\t\t\t\t\t\t\t\t<\/div>\n\t\t\t\t<\/div>\n\t\t\t\t\t<\/div>\n\t\t\t\t<\/div>\n\t\t\t\t<\/div>\n\t\t","protected":false},"excerpt":{"rendered":"<p>Musik- und Theaterprojekte v.l.n.r.: (Reinhard Gagel), Michael Hohnloser, Claus Overkamp, Tina J\u00fccker, Barbara Schultze, Gabriele Diete Die Falle des Qualle und andere Petites Pi\u00e9ces des Herrn SatieRegie: Gitta Martens; Musik: Reinhard Gagel; B\u00fchne: Ulrike MitschkeUA: Sommer 1997 in Velbert. Eine Produktion des Theater Pianoforte Musik-Projekte im Dazwischen von Stilen und Musizierweise (Zapping-Projekte) Improvisieren ist eine musikalische Ausdrucksweise, die ganz und gar dem gegenw\u00e4rtigen Moment entspringt \u2013 die improvisierenden Musikerinnen haben keine Vorlagen, und der Verlauf des entstehenden St\u00fcckes ist immer unvorhersehbar. Solche St\u00fccke entstehen im Kontakt mit der Gegenwart, z.B. in einem Zusammentreffen mit Musikerinnen, in einer Konzertsituation, als Reaktion auf einem Publikumswunsch oder in der Begegnung mit komponierten Musikwerken. In den Zapping-Projekten greifen wir ganz bewusst in Werke ein, indem wir z.B. vor und zwischen S\u00e4tzen und auch innerhalb der musikalischen Struktur Einsch\u00fcbe l\u00e4ngerer oder k\u00fcrzerer Art vornehmen, neue Stimme dazu improvisieren oder bestehende Strukturen improvisatorisch neu beleuchten. Dieses \u201eZapping\u201c erlaubt, eine in der Vergangenheit gefertigte Struktur mit aktueller Klanglichkeit zu konfrontieren. Musikalische Programmgestaltung wird zu einem quasi kompositorischen Akt der Bearbeitung, des Arrangements und der Collage. Alle Programme sind mit den beteiligten Musikerinnen zusammen erarbeitet worden. Bisherige Projekte:\u201eEinen Moment lang sichtbar sein\u201c Improvisierte Musik und Musikst\u00fccke von Erik Satie. UA 1999 K\u00f6ln(ThePianoforteEnsemble: Marei Seuthe, Violoncello und Gesang; Hans Kanty, Perkussion; Georg Wissel, Saxophon; Reinhard Gagel, Klavier und Konzeption) \u201eFolia-folien \u2013 musikalische Grenz\u00fcberschreitungen zwischen Normalit\u00e4t und Wahnsinn \u00fcber ein Renaissance-Thema\u201c.UA 2003, WDR Nachtmusik 2004 und \u201eZapping Wanderer. Aktuelle musikalische Szenen \u00fcbers Fortbewegen\u201cUA 2005, WDR Nachtmusik(Ensemble Foliafolie: Angela Eling, Blockfl\u00f6ten; Marei Seuthe, Violoncello und Gesang; Arnd Sprung, Gitarre\/Electronics; Reinhard Gagel, Klavier\/Akkordeon und Konzeption) Bisherige Projekte \u201eEinen Moment lang sichtbar sein\u201c Improvisierte Musik und Musikst\u00fccke von Erik Satie. UA 1999 K\u00f6ln(ThePianoforteEnsemble: Marei Seuthe, Violoncello und Gesang; Hans Kanty, Perkussion; Georg Wissel, Saxophon; Reinhard Gagel, Klavier und Konzeption) \u201eFolia-folien \u2013 musikalische Grenz\u00fcberschreitungen zwischen Normalit\u00e4t und Wahnsinn \u00fcber ein Renaissance-Thema\u201c.UA 2003, WDR Nachtmusik 2004 und \u201eZapping Wanderer. Aktuelle musikalische Szenen \u00fcbers Fortbewegen\u201cUA 2005, WDR Nachtmusik(Ensemble Foliafolie: Angela Eling, Blockfl\u00f6ten; Marei Seuthe, Violoncello und Gesang; Arnd Sprung, Gitarre\/Electronics; Reinhard Gagel, Klavier\/Akkordeon und Konzeption) Ensemble Foliafolie: intermediale Projekte zwischen Theater, Bild und Musik v.l. Arnd Sprung, Gitarre; Angela Eling, Blockfl\u00f6ten; Marei Seuthe Gesanf, Cello ; Reinhard Gagel Ensemble Foliafolie Marei Seuthe, Violoncello und Gesang Angela Eling, Blockfl\u00f6ten Reinhard Gagel, Klavier, Moog Synthesizer, Zapping-Konzeption zapping silence&#8230; Musik der Stille \u2013 Stille Musik. Das aktuellste Programm von Foliafolie geht Musik von ihrer Negation an, der Stille.Was geschieht, wenn aus der Stille improvisiert wird?Welche M\u00f6glichkeiten gibt es, Stille in der Musik zu provozieren?Und: gibt es \u00fcberhaupt die Stille oder ist nicht immer noch etwas zu h\u00f6ren? Stille ist in jedem Fall ein erh\u00f6hter Wahrnehmungszustand,Pausen in der Musik k\u00f6nnen sprechend sein, sekundengenau fixierte Pausen k\u00f6nnen inspirierend f\u00fcr Spieler und Publikum sein\u2026.Ein Programm mit Improvisationen von Foliafolie, angeregt von Zust\u00e4nden der Stille im leben und in der Kunst. Arrangements von Werken vonJohn Cage (4\u00b433\u00b4\u00b4) und Gy\u00f6rgy Kurtag. Improvisiakum, internationale Werkstatt f\u00fcr Improvisation Konzeptionund Durchf\u00fchrung Mit dem 20. Improvisiakum 2019 ging die lange Serie der Werkstatt f\u00fcr Improvisation zu Ende. Dieser j\u00e4hrliche Wochenendworkshop wird in K\u00f6ln nicht weitergef\u00fchrt. Ich denke gerne an die vielen Begegnungen, an die sch\u00f6nen Konzerte im Loft K\u00f6ln und an die intensive Arbeit an dem gemeinsamen Improvisieren zur\u00fcck und danke den vielen WorkshopleiterInnen f\u00fcr ihre Impulse. Weitere Workshopangebote werde ich hier auf der Website ver\u00f6ffentlichen.<\/p>\n","protected":false},"author":1,"featured_media":0,"parent":0,"menu_order":0,"comment_status":"closed","ping_status":"closed","template":"","meta":{"ocean_post_layout":"","ocean_both_sidebars_style":"","ocean_both_sidebars_content_width":0,"ocean_both_sidebars_sidebars_width":0,"ocean_sidebar":"0","ocean_second_sidebar":"0","ocean_disable_margins":"enable","ocean_add_body_class":"","ocean_shortcode_before_top_bar":"","ocean_shortcode_after_top_bar":"","ocean_shortcode_before_header":"","ocean_shortcode_after_header":"","ocean_has_shortcode":"","ocean_shortcode_after_title":"","ocean_shortcode_before_footer_widgets":"","ocean_shortcode_after_footer_widgets":"","ocean_shortcode_before_footer_bottom":"","ocean_shortcode_after_footer_bottom":"","ocean_display_top_bar":"default","ocean_display_header":"default","ocean_header_style":"","ocean_center_header_left_menu":"0","ocean_custom_header_template":"0","ocean_custom_logo":0,"ocean_custom_retina_logo":0,"ocean_custom_logo_max_width":0,"ocean_custom_logo_tablet_max_width":0,"ocean_custom_logo_mobile_max_width":0,"ocean_custom_logo_max_height":0,"ocean_custom_logo_tablet_max_height":0,"ocean_custom_logo_mobile_max_height":0,"ocean_header_custom_menu":"0","ocean_menu_typo_font_family":"0","ocean_menu_typo_font_subset":"","ocean_menu_typo_font_size":0,"ocean_menu_typo_font_size_tablet":0,"ocean_menu_typo_font_size_mobile":0,"ocean_menu_typo_font_size_unit":"px","ocean_menu_typo_font_weight":"","ocean_menu_typo_font_weight_tablet":"","ocean_menu_typo_font_weight_mobile":"","ocean_menu_typo_transform":"","ocean_menu_typo_transform_tablet":"","ocean_menu_typo_transform_mobile":"","ocean_menu_typo_line_height":0,"ocean_menu_typo_line_height_tablet":0,"ocean_menu_typo_line_height_mobile":0,"ocean_menu_typo_line_height_unit":"","ocean_menu_typo_spacing":0,"ocean_menu_typo_spacing_tablet":0,"ocean_menu_typo_spacing_mobile":0,"ocean_menu_typo_spacing_unit":"","ocean_menu_link_color":"","ocean_menu_link_color_hover":"","ocean_menu_link_color_active":"","ocean_menu_link_background":"","ocean_menu_link_hover_background":"","ocean_menu_link_active_background":"","ocean_menu_social_links_bg":"","ocean_menu_social_hover_links_bg":"","ocean_menu_social_links_color":"","ocean_menu_social_hover_links_color":"","ocean_disable_title":"default","ocean_disable_heading":"default","ocean_post_title":"","ocean_post_subheading":"","ocean_post_title_style":"","ocean_post_title_background_color":"","ocean_post_title_background":0,"ocean_post_title_bg_image_position":"","ocean_post_title_bg_image_attachment":"","ocean_post_title_bg_image_repeat":"","ocean_post_title_bg_image_size":"","ocean_post_title_height":0,"ocean_post_title_bg_overlay":0.5,"ocean_post_title_bg_overlay_color":"","ocean_disable_breadcrumbs":"default","ocean_breadcrumbs_color":"","ocean_breadcrumbs_separator_color":"","ocean_breadcrumbs_links_color":"","ocean_breadcrumbs_links_hover_color":"","ocean_display_footer_widgets":"default","ocean_display_footer_bottom":"default","ocean_custom_footer_template":"0","footnotes":""},"class_list":["post-143","page","type-page","status-publish","hentry","entry"],"_links":{"self":[{"href":"https:\/\/www.gmkunstraum.de\/rg\/wp-json\/wp\/v2\/pages\/143","targetHints":{"allow":["GET"]}}],"collection":[{"href":"https:\/\/www.gmkunstraum.de\/rg\/wp-json\/wp\/v2\/pages"}],"about":[{"href":"https:\/\/www.gmkunstraum.de\/rg\/wp-json\/wp\/v2\/types\/page"}],"author":[{"embeddable":true,"href":"https:\/\/www.gmkunstraum.de\/rg\/wp-json\/wp\/v2\/users\/1"}],"replies":[{"embeddable":true,"href":"https:\/\/www.gmkunstraum.de\/rg\/wp-json\/wp\/v2\/comments?post=143"}],"version-history":[{"count":63,"href":"https:\/\/www.gmkunstraum.de\/rg\/wp-json\/wp\/v2\/pages\/143\/revisions"}],"predecessor-version":[{"id":1119,"href":"https:\/\/www.gmkunstraum.de\/rg\/wp-json\/wp\/v2\/pages\/143\/revisions\/1119"}],"wp:attachment":[{"href":"https:\/\/www.gmkunstraum.de\/rg\/wp-json\/wp\/v2\/media?parent=143"}],"curies":[{"name":"wp","href":"https:\/\/api.w.org\/{rel}","templated":true}]}}