{"id":11,"date":"2024-04-04T16:29:23","date_gmt":"2024-04-04T14:29:23","guid":{"rendered":"https:\/\/www.gmkunstraum.de\/rg\/?page_id=11"},"modified":"2024-08-15T10:36:26","modified_gmt":"2024-08-15T08:36:26","slug":"kontakt-impressum","status":"publish","type":"page","link":"https:\/\/www.gmkunstraum.de\/rg\/kontakt-impressum\/","title":{"rendered":"Kontakt\/Impressum"},"content":{"rendered":"\t\t<div data-elementor-type=\"wp-page\" data-elementor-id=\"11\" class=\"elementor elementor-11\">\n\t\t\t\t<div class=\"elementor-element elementor-element-17d50de e-flex e-con-boxed wpr-particle-no wpr-jarallax-no wpr-parallax-no wpr-sticky-section-no e-con e-parent\" data-id=\"17d50de\" data-element_type=\"container\">\n\t\t\t\t\t<div class=\"e-con-inner\">\n\t\t\t\t<div class=\"elementor-element elementor-element-63da800 elementor-widget elementor-widget-heading\" data-id=\"63da800\" data-element_type=\"widget\" data-widget_type=\"heading.default\">\n\t\t\t\t<div class=\"elementor-widget-container\">\n\t\t\t\t\t<h2 class=\"elementor-heading-title elementor-size-default\">KONTAKT<\/h2>\t\t\t\t<\/div>\n\t\t\t\t<\/div>\n\t\t\t\t<div class=\"elementor-element elementor-element-17779c9 elementor-widget elementor-widget-text-editor\" data-id=\"17779c9\" data-element_type=\"widget\" data-widget_type=\"text-editor.default\">\n\t\t\t\t<div class=\"elementor-widget-container\">\n\t\t\t\t\t\t\t\t\t<p>Dr. Reinhard Gagel<br \/>GM KunstRaum Pleetz<br \/>Rogaer Weg 2 <br \/>17099 Datzetal OT Pleetz<br \/><a class=\"moz-txt-link-abbreviated\" href=\"mailto:rgagel19@gmail.com\">rgagel19@gmail.com<\/a><\/p><p>Tel: +49 (0)176 59 97 44 43<\/p>\t\t\t\t\t\t\t\t<\/div>\n\t\t\t\t<\/div>\n\t\t\t\t<div class=\"elementor-element elementor-element-a031844 elementor-widget elementor-widget-heading\" data-id=\"a031844\" data-element_type=\"widget\" data-widget_type=\"heading.default\">\n\t\t\t\t<div class=\"elementor-widget-container\">\n\t\t\t\t\t<h2 class=\"elementor-heading-title elementor-size-default\">IMPRESSUM<\/h2>\t\t\t\t<\/div>\n\t\t\t\t<\/div>\n\t\t\t\t<div class=\"elementor-element elementor-element-e517249 elementor-widget elementor-widget-text-editor\" data-id=\"e517249\" data-element_type=\"widget\" data-widget_type=\"text-editor.default\">\n\t\t\t\t<div class=\"elementor-widget-container\">\n\t\t\t\t\t\t\t\t\t<div class=\"elementor-element elementor-element-14c8a33 elementor-widget elementor-widget-text-editor\" data-id=\"14c8a33\" data-element_type=\"widget\" data-widget_type=\"text-editor.default\"><div class=\"elementor-widget-container\"><p class=\"Seitentitel Stil21\"><span class=\"Stil21\">Rechtliche Hinweise &#8211; <\/span>Haftungsausschluss und Urheberrecht<\/p><p class=\"Stil21\">1. Inhalt Internetseiten:<br \/>Der Inhalt dieser Internetseiten wurde mit gr\u00f6\u00dftm\u00f6glicher Sorgfalt zusammengestellt. Trotz aller Bem\u00fchungen sind Irrt\u00fcmer und Interpretationsfehler m\u00f6glich. Der Autor \u00fcbernimmt daher keinerlei Gew\u00e4hr f\u00fcr die Aktualit\u00e4t, Vollst\u00e4ndigkeit, Richtigkeit oder Qualit\u00e4t der bereitgestellten Informationen. Haftungsanspr\u00fcche gegen den Autor, welche sich auf Sch\u00e4den materieller oder ideeller Art beziehen, die durch die Nutzung oder Nichtnutzung der dargebotenen Informationen bzw. durch die Nutzung fehlerhafter und unvollst\u00e4ndiger Informationen verursacht wurden, sind grunds\u00e4tzlich ausgeschlossen.<\/p><p class=\"Stil21\">2. Hinweise oder Links<br \/>Der Autor erkl\u00e4rt hiermit ausdr\u00fccklich, dass zum Zeitpunkt der Linksetzung oder Hinweissetzung keine illegalen Inhalte auf den verlinkten Seiten erkennbar waren.<br \/>Mit Urteil vom 12.5.1998 (AZ 312 O 85\/98) \u201eHaftung f\u00fcr Links\u201c hat das Landgericht Hamburg entschieden, dass derjenige, der Links zu anderen Webseiten herstellt, die Inhalte der gelinkten Seite ggf. mit verantwortet. Dies kann nach diesem Urteil nur dadurch verhindert werden, dass der \u201eVerlinker\u201c sich ausdr\u00fccklich von diesen Inhalten distanziert. Der Autor und Herausgeber dieser Internetseiten distanziert sich deshalb ausdr\u00fccklich von den Inhalten aller durch Links meiner Internetseiten erreichbaren Seiten. Er \u00fcbernimmt deshalb auch keine Verantwortung f\u00fcr die Richtigkeit der betreffenden Inhalte, auch nicht f\u00fcr deren Rechtm\u00e4\u00dfigkeit oder f\u00fcr die Erf\u00fcllung von Urheberrechtsbestimmungen. Der Autor und Herausgeber dieser Internetseiten \u00fcbernimmt auch keinerlei Haftung f\u00fcr Sch\u00e4den materieller oder ideeller Art, die aus der Benutzung oder Nichtnutzung der angebotenen Dienste und deren Informationen entstehen k\u00f6nnen. Hierf\u00fcr haftet ausschlie\u00dflich der Anbieter verlinkter Seiten.<\/p><p class=\"Stil21\">3. Urheber- und Kennzeichenrecht<br \/>Alle Artikel und Bilder des Autors dieser Internetseiten sind urheberrechtlich gesch\u00fctzt und d\u00fcrfen nicht ohne seine Zustimmung kopiert, vervielf\u00e4ltigt oder \u00fcbernommen werden.<br \/>Alle innerhalb der Internetseiten genannten oder dargestellten und ggf. durch Dritte gesch\u00fctzten Marken- und Warenzeichen unterliegen uneingeschr\u00e4nkt den Bestimmungen des jeweils g\u00fcltigen Kennzeichenrechts und den Besitzrechten der jeweiligen eingetragenen Eigent\u00fcmer. Allein aufgrund der blo\u00dfen Nennung oder Darstellung ist nicht der Schluss zu ziehen, dass Marken- und Warenzeichen nicht durch Rechte Dritter gesch\u00fctzt sind.<\/p><p class=\"Stil21\">4. Rechtswirksamkeit dieses Haftungsausschlusses und Urheberrechtserkl\u00e4rung<br \/>Die oben aufgef\u00fchrten Hinweise sind ein Bestandteil der Internetseiten. Sofern Teile oder einzelne Formulierungen dieses Textes der geltenden Rechtslage nicht, nicht mehr oder nicht vollst\u00e4ndig entsprechen sollten, bleiben die \u00fcbrigen Teile des Dokumentes in ihrem Inhalt und ihrer G\u00fcltigkeit davon unber\u00fchrt.<\/p><\/div><\/div>\t\t\t\t\t\t\t\t<\/div>\n\t\t\t\t<\/div>\n\t\t\t\t\t<\/div>\n\t\t\t\t<\/div>\n\t\t\t\t<\/div>\n\t\t","protected":false},"excerpt":{"rendered":"<p>KONTAKT Dr. Reinhard GagelGM KunstRaum PleetzRogaer Weg 2 17099 Datzetal OT Pleetzrgagel19@gmail.com Tel: +49 (0)176 59 97 44 43 IMPRESSUM Rechtliche Hinweise &#8211; Haftungsausschluss und Urheberrecht 1. Inhalt Internetseiten:Der Inhalt dieser Internetseiten wurde mit gr\u00f6\u00dftm\u00f6glicher Sorgfalt zusammengestellt. Trotz aller Bem\u00fchungen sind Irrt\u00fcmer und Interpretationsfehler m\u00f6glich. Der Autor \u00fcbernimmt daher keinerlei Gew\u00e4hr f\u00fcr die Aktualit\u00e4t, Vollst\u00e4ndigkeit, Richtigkeit oder Qualit\u00e4t der bereitgestellten Informationen. Haftungsanspr\u00fcche gegen den Autor, welche sich auf Sch\u00e4den materieller oder ideeller Art beziehen, die durch die Nutzung oder Nichtnutzung der dargebotenen Informationen bzw. durch die Nutzung fehlerhafter und unvollst\u00e4ndiger Informationen verursacht wurden, sind grunds\u00e4tzlich ausgeschlossen. 2. Hinweise oder LinksDer Autor erkl\u00e4rt hiermit ausdr\u00fccklich, dass zum Zeitpunkt der Linksetzung oder Hinweissetzung keine illegalen Inhalte auf den verlinkten Seiten erkennbar waren.Mit Urteil vom 12.5.1998 (AZ 312 O 85\/98) \u201eHaftung f\u00fcr Links\u201c hat das Landgericht Hamburg entschieden, dass derjenige, der Links zu anderen Webseiten herstellt, die Inhalte der gelinkten Seite ggf. mit verantwortet. Dies kann nach diesem Urteil nur dadurch verhindert werden, dass der \u201eVerlinker\u201c sich ausdr\u00fccklich von diesen Inhalten distanziert. Der Autor und Herausgeber dieser Internetseiten distanziert sich deshalb ausdr\u00fccklich von den Inhalten aller durch Links meiner Internetseiten erreichbaren Seiten. Er \u00fcbernimmt deshalb auch keine Verantwortung f\u00fcr die Richtigkeit der betreffenden Inhalte, auch nicht f\u00fcr deren Rechtm\u00e4\u00dfigkeit oder f\u00fcr die Erf\u00fcllung von Urheberrechtsbestimmungen. Der Autor und Herausgeber dieser Internetseiten \u00fcbernimmt auch keinerlei Haftung f\u00fcr Sch\u00e4den materieller oder ideeller Art, die aus der Benutzung oder Nichtnutzung der angebotenen Dienste und deren Informationen entstehen k\u00f6nnen. Hierf\u00fcr haftet ausschlie\u00dflich der Anbieter verlinkter Seiten. 3. Urheber- und KennzeichenrechtAlle Artikel und Bilder des Autors dieser Internetseiten sind urheberrechtlich gesch\u00fctzt und d\u00fcrfen nicht ohne seine Zustimmung kopiert, vervielf\u00e4ltigt oder \u00fcbernommen werden.Alle innerhalb der Internetseiten genannten oder dargestellten und ggf. durch Dritte gesch\u00fctzten Marken- und Warenzeichen unterliegen uneingeschr\u00e4nkt den Bestimmungen des jeweils g\u00fcltigen Kennzeichenrechts und den Besitzrechten der jeweiligen eingetragenen Eigent\u00fcmer. Allein aufgrund der blo\u00dfen Nennung oder Darstellung ist nicht der Schluss zu ziehen, dass Marken- und Warenzeichen nicht durch Rechte Dritter gesch\u00fctzt sind. 4. Rechtswirksamkeit dieses Haftungsausschlusses und Urheberrechtserkl\u00e4rungDie oben aufgef\u00fchrten Hinweise sind ein Bestandteil der Internetseiten. Sofern Teile oder einzelne Formulierungen dieses Textes der geltenden Rechtslage nicht, nicht mehr oder nicht vollst\u00e4ndig entsprechen sollten, bleiben die \u00fcbrigen Teile des Dokumentes in ihrem Inhalt und ihrer G\u00fcltigkeit davon unber\u00fchrt.<\/p>\n","protected":false},"author":1,"featured_media":0,"parent":0,"menu_order":0,"comment_status":"closed","ping_status":"closed","template":"","meta":{"ocean_post_layout":"","ocean_both_sidebars_style":"","ocean_both_sidebars_content_width":0,"ocean_both_sidebars_sidebars_width":0,"ocean_sidebar":"0","ocean_second_sidebar":"0","ocean_disable_margins":"enable","ocean_add_body_class":"","ocean_shortcode_before_top_bar":"","ocean_shortcode_after_top_bar":"","ocean_shortcode_before_header":"","ocean_shortcode_after_header":"","ocean_has_shortcode":"","ocean_shortcode_after_title":"","ocean_shortcode_before_footer_widgets":"","ocean_shortcode_after_footer_widgets":"","ocean_shortcode_before_footer_bottom":"","ocean_shortcode_after_footer_bottom":"","ocean_display_top_bar":"default","ocean_display_header":"default","ocean_header_style":"","ocean_center_header_left_menu":"0","ocean_custom_header_template":"0","ocean_custom_logo":0,"ocean_custom_retina_logo":0,"ocean_custom_logo_max_width":0,"ocean_custom_logo_tablet_max_width":0,"ocean_custom_logo_mobile_max_width":0,"ocean_custom_logo_max_height":0,"ocean_custom_logo_tablet_max_height":0,"ocean_custom_logo_mobile_max_height":0,"ocean_header_custom_menu":"0","ocean_menu_typo_font_family":"0","ocean_menu_typo_font_subset":"","ocean_menu_typo_font_size":0,"ocean_menu_typo_font_size_tablet":0,"ocean_menu_typo_font_size_mobile":0,"ocean_menu_typo_font_size_unit":"px","ocean_menu_typo_font_weight":"","ocean_menu_typo_font_weight_tablet":"","ocean_menu_typo_font_weight_mobile":"","ocean_menu_typo_transform":"","ocean_menu_typo_transform_tablet":"","ocean_menu_typo_transform_mobile":"","ocean_menu_typo_line_height":0,"ocean_menu_typo_line_height_tablet":0,"ocean_menu_typo_line_height_mobile":0,"ocean_menu_typo_line_height_unit":"","ocean_menu_typo_spacing":0,"ocean_menu_typo_spacing_tablet":0,"ocean_menu_typo_spacing_mobile":0,"ocean_menu_typo_spacing_unit":"","ocean_menu_link_color":"","ocean_menu_link_color_hover":"","ocean_menu_link_color_active":"","ocean_menu_link_background":"","ocean_menu_link_hover_background":"","ocean_menu_link_active_background":"","ocean_menu_social_links_bg":"","ocean_menu_social_hover_links_bg":"","ocean_menu_social_links_color":"","ocean_menu_social_hover_links_color":"","ocean_disable_title":"default","ocean_disable_heading":"default","ocean_post_title":"","ocean_post_subheading":"","ocean_post_title_style":"","ocean_post_title_background_color":"","ocean_post_title_background":0,"ocean_post_title_bg_image_position":"","ocean_post_title_bg_image_attachment":"","ocean_post_title_bg_image_repeat":"","ocean_post_title_bg_image_size":"","ocean_post_title_height":0,"ocean_post_title_bg_overlay":0.5,"ocean_post_title_bg_overlay_color":"","ocean_disable_breadcrumbs":"default","ocean_breadcrumbs_color":"","ocean_breadcrumbs_separator_color":"","ocean_breadcrumbs_links_color":"","ocean_breadcrumbs_links_hover_color":"","ocean_display_footer_widgets":"default","ocean_display_footer_bottom":"default","ocean_custom_footer_template":"0","footnotes":""},"class_list":["post-11","page","type-page","status-publish","hentry","entry"],"_links":{"self":[{"href":"https:\/\/www.gmkunstraum.de\/rg\/wp-json\/wp\/v2\/pages\/11","targetHints":{"allow":["GET"]}}],"collection":[{"href":"https:\/\/www.gmkunstraum.de\/rg\/wp-json\/wp\/v2\/pages"}],"about":[{"href":"https:\/\/www.gmkunstraum.de\/rg\/wp-json\/wp\/v2\/types\/page"}],"author":[{"embeddable":true,"href":"https:\/\/www.gmkunstraum.de\/rg\/wp-json\/wp\/v2\/users\/1"}],"replies":[{"embeddable":true,"href":"https:\/\/www.gmkunstraum.de\/rg\/wp-json\/wp\/v2\/comments?post=11"}],"version-history":[{"count":36,"href":"https:\/\/www.gmkunstraum.de\/rg\/wp-json\/wp\/v2\/pages\/11\/revisions"}],"predecessor-version":[{"id":1106,"href":"https:\/\/www.gmkunstraum.de\/rg\/wp-json\/wp\/v2\/pages\/11\/revisions\/1106"}],"wp:attachment":[{"href":"https:\/\/www.gmkunstraum.de\/rg\/wp-json\/wp\/v2\/media?parent=11"}],"curies":[{"name":"wp","href":"https:\/\/api.w.org\/{rel}","templated":true}]}}