{"id":23,"date":"2024-04-04T15:06:41","date_gmt":"2024-04-04T13:06:41","guid":{"rendered":"https:\/\/www.gmkunstraum.de\/gmk\/?page_id=23"},"modified":"2025-01-15T17:20:24","modified_gmt":"2025-01-15T16:20:24","slug":"biografie","status":"publish","type":"page","link":"https:\/\/www.gmkunstraum.de\/gmk\/biografie\/","title":{"rendered":"\u00dcber uns"},"content":{"rendered":"\t\t<div data-elementor-type=\"wp-page\" data-elementor-id=\"23\" class=\"elementor elementor-23\">\n\t\t\t\t<div class=\"elementor-element elementor-element-56dc02b e-con-full e-flex wpr-particle-no wpr-jarallax-no wpr-parallax-no wpr-sticky-section-no e-con e-parent\" data-id=\"56dc02b\" data-element_type=\"container\">\n\t\t\t\t<div class=\"elementor-element elementor-element-56933e6 elementor-widget elementor-widget-heading\" data-id=\"56933e6\" data-element_type=\"widget\" data-widget_type=\"heading.default\">\n\t\t\t\t<div class=\"elementor-widget-container\">\n\t\t\t\t\t<h2 class=\"elementor-heading-title elementor-size-default\">\u00dcBER UNS<\/h2>\t\t\t\t<\/div>\n\t\t\t\t<\/div>\n\t\t<div class=\"elementor-element elementor-element-f4137b8 e-grid e-con-boxed wpr-particle-no wpr-jarallax-no wpr-parallax-no wpr-sticky-section-no e-con e-child\" data-id=\"f4137b8\" data-element_type=\"container\">\n\t\t\t\t\t<div class=\"e-con-inner\">\n\t\t\t\t<div class=\"elementor-element elementor-element-54cdfc4 elementor-widget elementor-widget-image\" data-id=\"54cdfc4\" data-element_type=\"widget\" data-widget_type=\"image.default\">\n\t\t\t\t<div class=\"elementor-widget-container\">\n\t\t\t\t\t\t\t\t\t\t\t\t\t\t\t<img fetchpriority=\"high\" decoding=\"async\" width=\"287\" height=\"263\" src=\"https:\/\/www.gmkunstraum.de\/gmk\/wp-content\/uploads\/2024\/05\/GM_KunstraumCollage1-4.jpg\" class=\"attachment-large size-large wp-image-195\" alt=\"\" \/>\t\t\t\t\t\t\t\t\t\t\t\t\t\t\t<\/div>\n\t\t\t\t<\/div>\n\t\t\t\t<div class=\"elementor-element elementor-element-bbf85d5 elementor-widget elementor-widget-text-editor\" data-id=\"bbf85d5\" data-element_type=\"widget\" data-widget_type=\"text-editor.default\">\n\t\t\t\t<div class=\"elementor-widget-container\">\n\t\t\t\t\t\t\t\t\t<p>GITTA MARTENS<br \/>Autorin \/ Sprecherin \/ Regisseurin<\/p>\t\t\t\t\t\t\t\t<\/div>\n\t\t\t\t<\/div>\n\t\t\t\t\t<\/div>\n\t\t\t\t<\/div>\n\t\t\t\t<div class=\"elementor-element elementor-element-eff1327 elementor-widget elementor-widget-text-editor\" data-id=\"eff1327\" data-element_type=\"widget\" data-widget_type=\"text-editor.default\">\n\t\t\t\t<div class=\"elementor-widget-container\">\n\t\t\t\t\t\t\t\t\t<p>Gitta Martens studierte Politik- und Theaterwissenschaft, Germanistik; arbeitete am Theater, in der kulturellen und politischen Bildung, f\u00fcr den Rundfunk, in der beruflichen Aus- und Weiterbildung f\u00fcr Theaterp\u00e4dagogen.<\/p>\t\t\t\t\t\t\t\t<\/div>\n\t\t\t\t<\/div>\n\t\t<div class=\"elementor-element elementor-element-5174399 e-grid e-con-boxed wpr-particle-no wpr-jarallax-no wpr-parallax-no wpr-sticky-section-no e-con e-child\" data-id=\"5174399\" data-element_type=\"container\">\n\t\t\t\t\t<div class=\"e-con-inner\">\n\t\t\t\t<div class=\"elementor-element elementor-element-7b3ae70 elementor-widget elementor-widget-image\" data-id=\"7b3ae70\" data-element_type=\"widget\" data-widget_type=\"image.default\">\n\t\t\t\t<div class=\"elementor-widget-container\">\n\t\t\t\t\t\t\t\t\t\t\t\t\t\t\t<img decoding=\"async\" width=\"250\" height=\"262\" src=\"https:\/\/www.gmkunstraum.de\/gmk\/wp-content\/uploads\/2024\/05\/GM_KunstraumCollage-1-5.jpg\" class=\"attachment-large size-large wp-image-189\" alt=\"\" \/>\t\t\t\t\t\t\t\t\t\t\t\t\t\t\t<\/div>\n\t\t\t\t<\/div>\n\t\t\t\t<div class=\"elementor-element elementor-element-070ed95 elementor-widget elementor-widget-text-editor\" data-id=\"070ed95\" data-element_type=\"widget\" data-widget_type=\"text-editor.default\">\n\t\t\t\t<div class=\"elementor-widget-container\">\n\t\t\t\t\t\t\t\t\t<p>REINHARD GAGEL<br \/>Musiker \/ Intermedia-K\u00fcnstler \/ Autor<\/p>\t\t\t\t\t\t\t\t<\/div>\n\t\t\t\t<\/div>\n\t\t\t\t\t<\/div>\n\t\t\t\t<\/div>\n\t\t\t\t<div class=\"elementor-element elementor-element-3e1d312 elementor-widget elementor-widget-text-editor\" data-id=\"3e1d312\" data-element_type=\"widget\" data-widget_type=\"text-editor.default\">\n\t\t\t\t<div class=\"elementor-widget-container\">\n\t\t\t\t\t\t\t\t\t<p>Dr. Reinhard Gagel: Musiker, Intermedia K\u00fcnstler, Autor. Seine Instrumente sind das Klavier und experimentell auch Akkordeon und\u00a0 MiniMoog Synthesizer. Er entwickelt Konzertformate und ein eigenes Musiktheaterformat, die !OHO! Offhandopera. Er hat promoviert und ist Lehrbeauftragter f\u00fcr Improvisation an der Universit\u00e4t f\u00fcr Musik und Darstellende Kunst, Wien \u00a0<\/p>\t\t\t\t\t\t\t\t<\/div>\n\t\t\t\t<\/div>\n\t\t\t\t<\/div>\n\t\t\t\t<\/div>\n\t\t","protected":false},"excerpt":{"rendered":"<p>\u00dcBER UNS GITTA MARTENSAutorin \/ Sprecherin \/ Regisseurin Gitta Martens studierte Politik- und Theaterwissenschaft, Germanistik; arbeitete am Theater, in der kulturellen und politischen Bildung, f\u00fcr den Rundfunk, in der beruflichen Aus- und Weiterbildung f\u00fcr Theaterp\u00e4dagogen. REINHARD GAGELMusiker \/ Intermedia-K\u00fcnstler \/ Autor Dr. Reinhard Gagel: Musiker, Intermedia K\u00fcnstler, Autor. Seine Instrumente sind das Klavier und experimentell auch Akkordeon und\u00a0 MiniMoog Synthesizer. Er entwickelt Konzertformate und ein eigenes Musiktheaterformat, die !OHO! Offhandopera. Er hat promoviert und ist Lehrbeauftragter f\u00fcr Improvisation an der Universit\u00e4t f\u00fcr Musik und Darstellende Kunst, Wien \u00a0<\/p>\n","protected":false},"author":1,"featured_media":0,"parent":0,"menu_order":0,"comment_status":"closed","ping_status":"closed","template":"","meta":{"ocean_post_layout":"","ocean_both_sidebars_style":"","ocean_both_sidebars_content_width":0,"ocean_both_sidebars_sidebars_width":0,"ocean_sidebar":"0","ocean_second_sidebar":"0","ocean_disable_margins":"enable","ocean_add_body_class":"","ocean_shortcode_before_top_bar":"","ocean_shortcode_after_top_bar":"","ocean_shortcode_before_header":"","ocean_shortcode_after_header":"","ocean_has_shortcode":"","ocean_shortcode_after_title":"","ocean_shortcode_before_footer_widgets":"","ocean_shortcode_after_footer_widgets":"","ocean_shortcode_before_footer_bottom":"","ocean_shortcode_after_footer_bottom":"","ocean_display_top_bar":"default","ocean_display_header":"default","ocean_header_style":"","ocean_center_header_left_menu":"0","ocean_custom_header_template":"0","ocean_custom_logo":0,"ocean_custom_retina_logo":0,"ocean_custom_logo_max_width":0,"ocean_custom_logo_tablet_max_width":0,"ocean_custom_logo_mobile_max_width":0,"ocean_custom_logo_max_height":0,"ocean_custom_logo_tablet_max_height":0,"ocean_custom_logo_mobile_max_height":0,"ocean_header_custom_menu":"0","ocean_menu_typo_font_family":"0","ocean_menu_typo_font_subset":"","ocean_menu_typo_font_size":0,"ocean_menu_typo_font_size_tablet":0,"ocean_menu_typo_font_size_mobile":0,"ocean_menu_typo_font_size_unit":"px","ocean_menu_typo_font_weight":"","ocean_menu_typo_font_weight_tablet":"","ocean_menu_typo_font_weight_mobile":"","ocean_menu_typo_transform":"","ocean_menu_typo_transform_tablet":"","ocean_menu_typo_transform_mobile":"","ocean_menu_typo_line_height":0,"ocean_menu_typo_line_height_tablet":0,"ocean_menu_typo_line_height_mobile":0,"ocean_menu_typo_line_height_unit":"","ocean_menu_typo_spacing":0,"ocean_menu_typo_spacing_tablet":0,"ocean_menu_typo_spacing_mobile":0,"ocean_menu_typo_spacing_unit":"","ocean_menu_link_color":"","ocean_menu_link_color_hover":"","ocean_menu_link_color_active":"","ocean_menu_link_background":"","ocean_menu_link_hover_background":"","ocean_menu_link_active_background":"","ocean_menu_social_links_bg":"","ocean_menu_social_hover_links_bg":"","ocean_menu_social_links_color":"","ocean_menu_social_hover_links_color":"","ocean_disable_title":"default","ocean_disable_heading":"default","ocean_post_title":"","ocean_post_subheading":"","ocean_post_title_style":"","ocean_post_title_background_color":"","ocean_post_title_background":0,"ocean_post_title_bg_image_position":"","ocean_post_title_bg_image_attachment":"","ocean_post_title_bg_image_repeat":"","ocean_post_title_bg_image_size":"","ocean_post_title_height":0,"ocean_post_title_bg_overlay":0.5,"ocean_post_title_bg_overlay_color":"","ocean_disable_breadcrumbs":"default","ocean_breadcrumbs_color":"","ocean_breadcrumbs_separator_color":"","ocean_breadcrumbs_links_color":"","ocean_breadcrumbs_links_hover_color":"","ocean_display_footer_widgets":"default","ocean_display_footer_bottom":"default","ocean_custom_footer_template":"0","footnotes":""},"class_list":["post-23","page","type-page","status-publish","hentry","entry"],"_links":{"self":[{"href":"https:\/\/www.gmkunstraum.de\/gmk\/wp-json\/wp\/v2\/pages\/23","targetHints":{"allow":["GET"]}}],"collection":[{"href":"https:\/\/www.gmkunstraum.de\/gmk\/wp-json\/wp\/v2\/pages"}],"about":[{"href":"https:\/\/www.gmkunstraum.de\/gmk\/wp-json\/wp\/v2\/types\/page"}],"author":[{"embeddable":true,"href":"https:\/\/www.gmkunstraum.de\/gmk\/wp-json\/wp\/v2\/users\/1"}],"replies":[{"embeddable":true,"href":"https:\/\/www.gmkunstraum.de\/gmk\/wp-json\/wp\/v2\/comments?post=23"}],"version-history":[{"count":50,"href":"https:\/\/www.gmkunstraum.de\/gmk\/wp-json\/wp\/v2\/pages\/23\/revisions"}],"predecessor-version":[{"id":586,"href":"https:\/\/www.gmkunstraum.de\/gmk\/wp-json\/wp\/v2\/pages\/23\/revisions\/586"}],"wp:attachment":[{"href":"https:\/\/www.gmkunstraum.de\/gmk\/wp-json\/wp\/v2\/media?parent=23"}],"curies":[{"name":"wp","href":"https:\/\/api.w.org\/{rel}","templated":true}]}}