{"id":14,"date":"2024-03-27T14:39:24","date_gmt":"2024-03-27T13:39:24","guid":{"rendered":"https:\/\/www.gmkunstraum.de\/gm\/?page_id=14"},"modified":"2024-11-27T16:53:21","modified_gmt":"2024-11-27T15:53:21","slug":"home","status":"publish","type":"page","link":"https:\/\/www.gmkunstraum.de\/gm\/","title":{"rendered":"Home"},"content":{"rendered":"\t\t<div data-elementor-type=\"wp-page\" data-elementor-id=\"14\" class=\"elementor elementor-14\">\n\t\t\t\t<div class=\"elementor-element elementor-element-44e225f e-flex e-con-boxed e-con e-parent\" data-id=\"44e225f\" data-element_type=\"container\" data-settings=\"{&quot;background_background&quot;:&quot;classic&quot;}\">\n\t\t\t\t\t<div class=\"e-con-inner\">\n\t\t\t\t\t<\/div>\n\t\t\t\t<\/div>\n\t\t<div class=\"elementor-element elementor-element-6a41709 e-flex e-con-boxed e-con e-parent\" data-id=\"6a41709\" data-element_type=\"container\" data-settings=\"{&quot;background_background&quot;:&quot;classic&quot;}\">\n\t\t\t\t\t<div class=\"e-con-inner\">\n\t\t<div class=\"elementor-element elementor-element-aed81d4 e-con-full e-flex e-con e-child\" data-id=\"aed81d4\" data-element_type=\"container\">\n\t\t\t\t<div class=\"elementor-element elementor-element-a8e16c3 elementor-widget__width-initial elementor-widget elementor-widget-image\" data-id=\"a8e16c3\" data-element_type=\"widget\" data-widget_type=\"image.default\">\n\t\t\t\t<div class=\"elementor-widget-container\">\n\t\t\t\t\t\t\t\t\t\t\t\t\t\t\t<img fetchpriority=\"high\" decoding=\"async\" width=\"270\" height=\"255\" src=\"https:\/\/www.gmkunstraum.de\/gm\/wp-content\/uploads\/2024\/04\/GM_Portrait-e1715247654340.png\" class=\"attachment-full size-full wp-image-514\" alt=\"\" \/>\t\t\t\t\t\t\t\t\t\t\t\t\t\t\t<\/div>\n\t\t\t\t<\/div>\n\t\t\t\t<div class=\"elementor-element elementor-element-b8eb785 elementor-widget elementor-widget-text-editor\" data-id=\"b8eb785\" data-element_type=\"widget\" data-widget_type=\"text-editor.default\">\n\t\t\t\t<div class=\"elementor-widget-container\">\n\t\t\t\t\t\t\t\t\t<p>GITTA MARTENS<br \/>Autorin &#8211; Sprecherin &#8211; Regisseurin<\/p>\t\t\t\t\t\t\t\t<\/div>\n\t\t\t\t<\/div>\n\t\t\t\t<\/div>\n\t\t<div class=\"elementor-element elementor-element-7e516a0 e-con-full e-flex e-con e-child\" data-id=\"7e516a0\" data-element_type=\"container\">\n\t\t\t\t<div class=\"elementor-element elementor-element-b14b1da elementor-widget elementor-widget-text-editor\" data-id=\"b14b1da\" data-element_type=\"widget\" data-widget_type=\"text-editor.default\">\n\t\t\t\t<div class=\"elementor-widget-container\">\n\t\t\t\t\t\t\t\t\t<p>Ich interessiere mich f\u00fcr das Leben von Frauen und deren zumeist vergessene Schicksale wie das der Komponistin Emilie Mayer; aber auch das von M\u00e4nnern wie z.B. der polnische Schriftsteller Bruno Schulz: \u201eDas Taumeln der Materie\u201c (2022), Inter-Media Performance.<\/p><p>\u00a0<\/p><p>Meine langj\u00e4hrige k\u00fcnstlerische und theaterp\u00e4dagogische\/therapeutische Praxis mit Menschen aus unterschiedlichsten Lebenszusammenh\u00e4ngen und Kulturen schenkt mir zudem viele Themen, die ich \u2013 k\u00fcnstlerisch frei \u2013 aufgreife und sie dem Vergessen entrei\u00dfe.<\/p><p>\u00a0<\/p><p>Neben Roman und Gedicht schreibe ich auch Kurzgeschichten und experimentiere mit kleinen Formen wie Haiku und \u201eGedankensplitter\u201c und beteilige mich als Autorin und Sprecherin im Rahmen intermedialer Projekte.<\/p><p>\u00a0<\/p><p>Im <a href=\"https:\/\/www.gmkunstraum.de\/gmk\/\" target=\"_blank\" rel=\"noopener\">GMKunstRaum Pleetz<\/a> veranstalte ich Lesungen mit G\u00e4sten: Zum Internationalen Frauentag stets mit Kompositionen von Frauen. Ich\u00a0 leite das GM KunstRaum Lesetheater und spreche auf Einladung auch fremde Texte. Ich lebe und arbeite zusammen mit meinem Mann, Reinhard Gagel, seit 2015 im Datzetal in der Mecklenburgischen Seenplatte.<\/p>\t\t\t\t\t\t\t\t<\/div>\n\t\t\t\t<\/div>\n\t\t\t\t<\/div>\n\t\t\t\t\t<\/div>\n\t\t\t\t<\/div>\n\t\t<div class=\"elementor-element elementor-element-107439a e-flex e-con-boxed e-con e-parent\" data-id=\"107439a\" data-element_type=\"container\" data-settings=\"{&quot;background_background&quot;:&quot;classic&quot;}\">\n\t\t\t\t\t<div class=\"e-con-inner\">\n\t\t\t\t\t<\/div>\n\t\t\t\t<\/div>\n\t\t\t\t<\/div>\n\t\t","protected":false},"excerpt":{"rendered":"<p>GITTA MARTENSAutorin &#8211; Sprecherin &#8211; Regisseurin Ich interessiere mich f\u00fcr das Leben von Frauen und deren zumeist vergessene Schicksale wie das der Komponistin Emilie Mayer; aber auch das von M\u00e4nnern wie z.B. der polnische Schriftsteller Bruno Schulz: \u201eDas Taumeln der Materie\u201c (2022), Inter-Media Performance. \u00a0 Meine langj\u00e4hrige k\u00fcnstlerische und theaterp\u00e4dagogische\/therapeutische Praxis mit Menschen aus unterschiedlichsten [&hellip;]<\/p>\n","protected":false},"author":1,"featured_media":0,"parent":0,"menu_order":0,"comment_status":"closed","ping_status":"closed","template":"","meta":{"ocean_post_layout":"","ocean_both_sidebars_style":"","ocean_both_sidebars_content_width":0,"ocean_both_sidebars_sidebars_width":0,"ocean_sidebar":"0","ocean_second_sidebar":"0","ocean_disable_margins":"on","ocean_add_body_class":"","ocean_shortcode_before_top_bar":"","ocean_shortcode_after_top_bar":"","ocean_shortcode_before_header":"","ocean_shortcode_after_header":"","ocean_has_shortcode":"","ocean_shortcode_after_title":"","ocean_shortcode_before_footer_widgets":"","ocean_shortcode_after_footer_widgets":"","ocean_shortcode_before_footer_bottom":"","ocean_shortcode_after_footer_bottom":"","ocean_display_top_bar":"default","ocean_display_header":"default","ocean_header_style":"","ocean_center_header_left_menu":"0","ocean_custom_header_template":"0","ocean_custom_logo":0,"ocean_custom_retina_logo":0,"ocean_custom_logo_max_width":0,"ocean_custom_logo_tablet_max_width":0,"ocean_custom_logo_mobile_max_width":0,"ocean_custom_logo_max_height":0,"ocean_custom_logo_tablet_max_height":0,"ocean_custom_logo_mobile_max_height":0,"ocean_header_custom_menu":"0","ocean_menu_typo_font_family":"0","ocean_menu_typo_font_subset":"","ocean_menu_typo_font_size":0,"ocean_menu_typo_font_size_tablet":0,"ocean_menu_typo_font_size_mobile":0,"ocean_menu_typo_font_size_unit":"px","ocean_menu_typo_font_weight":"","ocean_menu_typo_font_weight_tablet":"","ocean_menu_typo_font_weight_mobile":"","ocean_menu_typo_transform":"","ocean_menu_typo_transform_tablet":"","ocean_menu_typo_transform_mobile":"","ocean_menu_typo_line_height":0,"ocean_menu_typo_line_height_tablet":0,"ocean_menu_typo_line_height_mobile":0,"ocean_menu_typo_line_height_unit":"","ocean_menu_typo_spacing":0,"ocean_menu_typo_spacing_tablet":0,"ocean_menu_typo_spacing_mobile":0,"ocean_menu_typo_spacing_unit":"","ocean_menu_link_color":"#000000","ocean_menu_link_color_hover":"#c759db","ocean_menu_link_color_active":"#ca4ece","ocean_menu_link_background":"","ocean_menu_link_hover_background":"","ocean_menu_link_active_background":"","ocean_menu_social_links_bg":"","ocean_menu_social_hover_links_bg":"","ocean_menu_social_links_color":"","ocean_menu_social_hover_links_color":"","ocean_disable_title":"default","ocean_disable_heading":"default","ocean_post_title":"","ocean_post_subheading":"","ocean_post_title_style":"","ocean_post_title_background_color":"","ocean_post_title_background":0,"ocean_post_title_bg_image_position":"","ocean_post_title_bg_image_attachment":"","ocean_post_title_bg_image_repeat":"","ocean_post_title_bg_image_size":"","ocean_post_title_height":0,"ocean_post_title_bg_overlay":0.5,"ocean_post_title_bg_overlay_color":"","ocean_disable_breadcrumbs":"default","ocean_breadcrumbs_color":"","ocean_breadcrumbs_separator_color":"","ocean_breadcrumbs_links_color":"","ocean_breadcrumbs_links_hover_color":"","ocean_display_footer_widgets":"default","ocean_display_footer_bottom":"default","ocean_custom_footer_template":"0","footnotes":""},"class_list":["post-14","page","type-page","status-publish","hentry","entry"],"_links":{"self":[{"href":"https:\/\/www.gmkunstraum.de\/gm\/wp-json\/wp\/v2\/pages\/14","targetHints":{"allow":["GET"]}}],"collection":[{"href":"https:\/\/www.gmkunstraum.de\/gm\/wp-json\/wp\/v2\/pages"}],"about":[{"href":"https:\/\/www.gmkunstraum.de\/gm\/wp-json\/wp\/v2\/types\/page"}],"author":[{"embeddable":true,"href":"https:\/\/www.gmkunstraum.de\/gm\/wp-json\/wp\/v2\/users\/1"}],"replies":[{"embeddable":true,"href":"https:\/\/www.gmkunstraum.de\/gm\/wp-json\/wp\/v2\/comments?post=14"}],"version-history":[{"count":471,"href":"https:\/\/www.gmkunstraum.de\/gm\/wp-json\/wp\/v2\/pages\/14\/revisions"}],"predecessor-version":[{"id":2250,"href":"https:\/\/www.gmkunstraum.de\/gm\/wp-json\/wp\/v2\/pages\/14\/revisions\/2250"}],"wp:attachment":[{"href":"https:\/\/www.gmkunstraum.de\/gm\/wp-json\/wp\/v2\/media?parent=14"}],"curies":[{"name":"wp","href":"https:\/\/api.w.org\/{rel}","templated":true}]}}